{"id":7050,"date":"2022-03-18T08:53:24","date_gmt":"2022-03-18T08:53:24","guid":{"rendered":"https:\/\/ibizayachting.com\/services\/custodia\/"},"modified":"2022-07-15T09:45:43","modified_gmt":"2022-07-15T09:45:43","slug":"lagerung","status":"publish","type":"page","link":"https:\/\/ibizayachting.com\/de\/services\/lagerung\/","title":{"rendered":"LAGERUNG"},"content":{"rendered":"\t\t<div data-elementor-type=\"wp-page\" data-elementor-id=\"7050\" class=\"elementor elementor-7050 elementor-4402\" data-elementor-post-type=\"page\">\n\t\t\t\t\t\t<section class=\"elementor-section elementor-top-section elementor-element elementor-element-5dc9c869 elementor-section-boxed elementor-section-height-default elementor-section-height-default\" data-id=\"5dc9c869\" data-element_type=\"section\" data-e-type=\"section\" data-settings=\"{&quot;background_background&quot;:&quot;classic&quot;}\">\n\t\t\t\t\t\t\t<div class=\"elementor-background-overlay\"><\/div>\n\t\t\t\t\t\t\t<div class=\"elementor-container elementor-column-gap-no\">\n\t\t\t\t\t<div class=\"elementor-column elementor-col-100 elementor-top-column elementor-element elementor-element-47e3d8b\" data-id=\"47e3d8b\" data-element_type=\"column\" data-e-type=\"column\">\n\t\t\t<div class=\"elementor-widget-wrap elementor-element-populated\">\n\t\t\t\t\t\t<div class=\"elementor-element elementor-element-1899b3ee elementor-widget elementor-widget-heading\" data-id=\"1899b3ee\" data-element_type=\"widget\" data-e-type=\"widget\" data-widget_type=\"heading.default\">\n\t\t\t\t<div class=\"elementor-widget-container\">\n\t\t\t\t\t<h1 class=\"elementor-heading-title elementor-size-default\">LAGERUNG<\/h1>\t\t\t\t<\/div>\n\t\t\t\t<\/div>\n\t\t\t\t\t<\/div>\n\t\t<\/div>\n\t\t\t\t\t<\/div>\n\t\t<\/section>\n\t\t\t\t<section class=\"elementor-section elementor-top-section elementor-element elementor-element-35ec20cf elementor-section-boxed elementor-section-height-default elementor-section-height-default\" data-id=\"35ec20cf\" data-element_type=\"section\" data-e-type=\"section\">\n\t\t\t\t\t\t<div class=\"elementor-container elementor-column-gap-no\">\n\t\t\t\t\t<div class=\"elementor-column elementor-col-100 elementor-top-column elementor-element elementor-element-70163184\" data-id=\"70163184\" data-element_type=\"column\" data-e-type=\"column\">\n\t\t\t<div class=\"elementor-widget-wrap elementor-element-populated\">\n\t\t\t\t\t\t<section class=\"elementor-section elementor-inner-section elementor-element elementor-element-1c5f1878 elementor-section-content-middle elementor-section-boxed elementor-section-height-default elementor-section-height-default\" data-id=\"1c5f1878\" data-element_type=\"section\" data-e-type=\"section\">\n\t\t\t\t\t\t<div class=\"elementor-container elementor-column-gap-no\">\n\t\t\t\t\t<div class=\"elementor-column elementor-col-66 elementor-inner-column elementor-element elementor-element-4867d1ca\" data-id=\"4867d1ca\" data-element_type=\"column\" data-e-type=\"column\">\n\t\t\t<div class=\"elementor-widget-wrap elementor-element-populated\">\n\t\t\t\t\t\t<div class=\"elementor-element elementor-element-12250cde elementor-widget elementor-widget-image\" data-id=\"12250cde\" data-element_type=\"widget\" data-e-type=\"widget\" data-widget_type=\"image.default\">\n\t\t\t\t<div class=\"elementor-widget-container\">\n\t\t\t\t\t\t\t\t\t\t\t\t\t\t\t<img fetchpriority=\"high\" decoding=\"async\" width=\"1920\" height=\"1440\" src=\"https:\/\/ibizayachting.com\/wp-content\/uploads\/2022\/03\/Custodia-1.jpg\" class=\"attachment-full size-full wp-image-4283\" alt=\"\" srcset=\"https:\/\/ibizayachting.com\/wp-content\/uploads\/2022\/03\/Custodia-1.jpg 1920w, https:\/\/ibizayachting.com\/wp-content\/uploads\/2022\/03\/Custodia-1-300x225.jpg 300w, https:\/\/ibizayachting.com\/wp-content\/uploads\/2022\/03\/Custodia-1-1024x768.jpg 1024w, https:\/\/ibizayachting.com\/wp-content\/uploads\/2022\/03\/Custodia-1-768x576.jpg 768w, https:\/\/ibizayachting.com\/wp-content\/uploads\/2022\/03\/Custodia-1-1536x1152.jpg 1536w\" sizes=\"(max-width: 1920px) 100vw, 1920px\" title=\"\">\t\t\t\t\t\t\t\t\t\t\t\t\t\t\t<\/div>\n\t\t\t\t<\/div>\n\t\t\t\t\t<\/div>\n\t\t<\/div>\n\t\t\t\t<div class=\"elementor-column elementor-col-33 elementor-inner-column elementor-element elementor-element-1b46bcbb\" data-id=\"1b46bcbb\" data-element_type=\"column\" data-e-type=\"column\" data-settings=\"{&quot;background_background&quot;:&quot;classic&quot;}\">\n\t\t\t<div class=\"elementor-widget-wrap elementor-element-populated\">\n\t\t\t\t\t\t<div class=\"elementor-element elementor-element-42d06ffb elementor-widget elementor-widget-text-editor\" data-id=\"42d06ffb\" data-element_type=\"widget\" data-e-type=\"widget\" data-widget_type=\"text-editor.default\">\n\t\t\t\t<div class=\"elementor-widget-container\">\n\t\t\t\t\t\t\t\t\t<h6>LAGERUNG VON BOOTEN AUF IBIZA<\/h6>\t\t\t\t\t\t\t\t<\/div>\n\t\t\t\t<\/div>\n\t\t\t\t<div class=\"elementor-element elementor-element-f1c7a95 elementor-widget elementor-widget-text-editor\" data-id=\"f1c7a95\" data-element_type=\"widget\" data-e-type=\"widget\" data-widget_type=\"text-editor.default\">\n\t\t\t\t<div class=\"elementor-widget-container\">\n\t\t\t\t\t\t\t\t\t<p>Wenn Sie \u00fcberlegen Ihr Boot f\u00fcr den Winter aus dem Wasser zu nehmen, oder f\u00fcr einen bestimmten Zeitraum einen Platz zum Lagern ben\u00f6tigen, haben wir mehrere Optionen f\u00fcr Sie.<\/p>\t\t\t\t\t\t\t\t<\/div>\n\t\t\t\t<\/div>\n\t\t\t\t\t<\/div>\n\t\t<\/div>\n\t\t\t\t\t<\/div>\n\t\t<\/section>\n\t\t\t\t<section class=\"elementor-section elementor-inner-section elementor-element elementor-element-66bd8dcd elementor-section-content-middle elementor-reverse-tablet elementor-reverse-mobile elementor-section-boxed elementor-section-height-default elementor-section-height-default\" data-id=\"66bd8dcd\" data-element_type=\"section\" data-e-type=\"section\">\n\t\t\t\t\t\t<div class=\"elementor-container elementor-column-gap-no\">\n\t\t\t\t\t<div class=\"elementor-column elementor-col-33 elementor-inner-column elementor-element elementor-element-3aaa28b8\" data-id=\"3aaa28b8\" data-element_type=\"column\" data-e-type=\"column\" data-settings=\"{&quot;background_background&quot;:&quot;classic&quot;}\">\n\t\t\t<div class=\"elementor-widget-wrap elementor-element-populated\">\n\t\t\t\t\t\t<div class=\"elementor-element elementor-element-30296e2b elementor-widget elementor-widget-text-editor\" data-id=\"30296e2b\" data-element_type=\"widget\" data-e-type=\"widget\" data-widget_type=\"text-editor.default\">\n\t\t\t\t<div class=\"elementor-widget-container\">\n\t\t\t\t\t\t\t\t\t<p>Ibiza Yachting hat eine komplett geschlossene Lagerhalle f\u00fcr Boote von 25 bis 40 Fu\u00df und Tender, die auf der Hauptstra\u00dfe nach San Antonio liegt. Die Lagerhalle ist mit Alarmsystem ausgestattet und nur f\u00fcr autorisiertes Personal zug\u00e4nglich.<\/p>\t\t\t\t\t\t\t\t<\/div>\n\t\t\t\t<\/div>\n\t\t\t\t\t<\/div>\n\t\t<\/div>\n\t\t\t\t<div class=\"elementor-column elementor-col-66 elementor-inner-column elementor-element elementor-element-62c2a2e\" data-id=\"62c2a2e\" data-element_type=\"column\" data-e-type=\"column\">\n\t\t\t<div class=\"elementor-widget-wrap elementor-element-populated\">\n\t\t\t\t\t\t<div class=\"elementor-element elementor-element-265c9b4a elementor-widget elementor-widget-image\" data-id=\"265c9b4a\" data-element_type=\"widget\" data-e-type=\"widget\" data-widget_type=\"image.default\">\n\t\t\t\t<div class=\"elementor-widget-container\">\n\t\t\t\t\t\t\t\t\t\t\t\t\t\t\t<img decoding=\"async\" width=\"1920\" height=\"1280\" src=\"https:\/\/ibizayachting.com\/wp-content\/uploads\/2022\/03\/Custodia-3.jpg\" class=\"attachment-full size-full wp-image-4268\" alt=\"\" srcset=\"https:\/\/ibizayachting.com\/wp-content\/uploads\/2022\/03\/Custodia-3.jpg 1920w, https:\/\/ibizayachting.com\/wp-content\/uploads\/2022\/03\/Custodia-3-300x200.jpg 300w, https:\/\/ibizayachting.com\/wp-content\/uploads\/2022\/03\/Custodia-3-1024x683.jpg 1024w, https:\/\/ibizayachting.com\/wp-content\/uploads\/2022\/03\/Custodia-3-768x512.jpg 768w, https:\/\/ibizayachting.com\/wp-content\/uploads\/2022\/03\/Custodia-3-1536x1024.jpg 1536w\" sizes=\"(max-width: 1920px) 100vw, 1920px\" title=\"\">\t\t\t\t\t\t\t\t\t\t\t\t\t\t\t<\/div>\n\t\t\t\t<\/div>\n\t\t\t\t\t<\/div>\n\t\t<\/div>\n\t\t\t\t\t<\/div>\n\t\t<\/section>\n\t\t\t\t<section class=\"elementor-section elementor-inner-section elementor-element elementor-element-dbed7ab elementor-section-content-middle elementor-section-boxed elementor-section-height-default elementor-section-height-default\" data-id=\"dbed7ab\" data-element_type=\"section\" data-e-type=\"section\">\n\t\t\t\t\t\t<div class=\"elementor-container elementor-column-gap-no\">\n\t\t\t\t\t<div class=\"elementor-column elementor-col-66 elementor-inner-column elementor-element elementor-element-af64ce8\" data-id=\"af64ce8\" data-element_type=\"column\" data-e-type=\"column\">\n\t\t\t<div class=\"elementor-widget-wrap elementor-element-populated\">\n\t\t\t\t\t\t<div class=\"elementor-element elementor-element-89e9c9f elementor-widget elementor-widget-image\" data-id=\"89e9c9f\" data-element_type=\"widget\" data-e-type=\"widget\" data-widget_type=\"image.default\">\n\t\t\t\t<div class=\"elementor-widget-container\">\n\t\t\t\t\t\t\t\t\t\t\t\t\t\t\t<img decoding=\"async\" width=\"1920\" height=\"1280\" src=\"https:\/\/ibizayachting.com\/wp-content\/uploads\/2022\/03\/Custodia-2.jpg\" class=\"attachment-full size-full wp-image-4286\" alt=\"\" srcset=\"https:\/\/ibizayachting.com\/wp-content\/uploads\/2022\/03\/Custodia-2.jpg 1920w, https:\/\/ibizayachting.com\/wp-content\/uploads\/2022\/03\/Custodia-2-300x200.jpg 300w, https:\/\/ibizayachting.com\/wp-content\/uploads\/2022\/03\/Custodia-2-1024x683.jpg 1024w, https:\/\/ibizayachting.com\/wp-content\/uploads\/2022\/03\/Custodia-2-768x512.jpg 768w, https:\/\/ibizayachting.com\/wp-content\/uploads\/2022\/03\/Custodia-2-1536x1024.jpg 1536w\" sizes=\"(max-width: 1920px) 100vw, 1920px\" title=\"\">\t\t\t\t\t\t\t\t\t\t\t\t\t\t\t<\/div>\n\t\t\t\t<\/div>\n\t\t\t\t\t<\/div>\n\t\t<\/div>\n\t\t\t\t<div class=\"elementor-column elementor-col-33 elementor-inner-column elementor-element elementor-element-f5ad27a\" data-id=\"f5ad27a\" data-element_type=\"column\" data-e-type=\"column\" data-settings=\"{&quot;background_background&quot;:&quot;classic&quot;}\">\n\t\t\t<div class=\"elementor-widget-wrap elementor-element-populated\">\n\t\t\t\t\t\t<div class=\"elementor-element elementor-element-5d79d04 elementor-widget elementor-widget-text-editor\" data-id=\"5d79d04\" data-element_type=\"widget\" data-e-type=\"widget\" data-widget_type=\"text-editor.default\">\n\t\t\t\t<div class=\"elementor-widget-container\">\n\t\t\t\t\t\t\t\t\t<p>In der Marina Santa Eulalia haben wir einen eigenes halb-\u00fcberdachtes Trockendock f\u00fcr Boote von 40 bis 50 Fu\u00df sowie eine offene Zone des Trockendocks f\u00fcr gr\u00f6\u00dfere Boote von 50 bis 75 Fu\u00df. Beide sind mit \u00dcberwachungssystem ausgestattet und eingeschr\u00e4nkt zug\u00e4nglich.<\/p>\t\t\t\t\t\t\t\t<\/div>\n\t\t\t\t<\/div>\n\t\t\t\t<div class=\"elementor-element elementor-element-e67c711 elementor-widget elementor-widget-button\" data-id=\"e67c711\" data-element_type=\"widget\" data-e-type=\"widget\" data-widget_type=\"button.default\">\n\t\t\t\t<div class=\"elementor-widget-container\">\n\t\t\t\t\t\t\t\t\t<div class=\"elementor-button-wrapper\">\n\t\t\t\t\t<a class=\"elementor-button elementor-button-link elementor-size-sm elementor-animation-float\" href=\"https:\/\/ibizayachting.com\/contacto\/\">\n\t\t\t\t\t\t<span class=\"elementor-button-content-wrapper\">\n\t\t\t\t\t\t\t\t\t<span class=\"elementor-button-text\">FRAGEN SIE NACH EINEM KOSTENVORANSCHLAG <\/span>\n\t\t\t\t\t<\/span>\n\t\t\t\t\t<\/a>\n\t\t\t\t<\/div>\n\t\t\t\t\t\t\t\t<\/div>\n\t\t\t\t<\/div>\n\t\t\t\t\t<\/div>\n\t\t<\/div>\n\t\t\t\t\t<\/div>\n\t\t<\/section>\n\t\t\t\t\t<\/div>\n\t\t<\/div>\n\t\t\t\t\t<\/div>\n\t\t<\/section>\n\t\t\t\t<section class=\"elementor-section elementor-top-section elementor-element elementor-element-f1da387 section-blog elementor-section-boxed elementor-section-height-default elementor-section-height-default\" data-id=\"f1da387\" data-element_type=\"section\" data-e-type=\"section\" data-settings=\"{&quot;background_background&quot;:&quot;classic&quot;}\">\n\t\t\t\t\t\t<div class=\"elementor-container elementor-column-gap-default\">\n\t\t\t\t\t<div class=\"elementor-column elementor-col-100 elementor-top-column elementor-element elementor-element-e332938\" data-id=\"e332938\" data-element_type=\"column\" data-e-type=\"column\">\n\t\t\t<div class=\"elementor-widget-wrap elementor-element-populated\">\n\t\t\t\t\t\t<div class=\"elementor-element elementor-element-2fbf127 elementor-widget elementor-widget-heading\" data-id=\"2fbf127\" data-element_type=\"widget\" data-e-type=\"widget\" data-widget_type=\"heading.default\">\n\t\t\t\t<div class=\"elementor-widget-container\">\n\t\t\t\t\t<h2 class=\"elementor-heading-title elementor-size-default\">News<\/h2>\t\t\t\t<\/div>\n\t\t\t\t<\/div>\n\t\t\t\t\t<\/div>\n\t\t<\/div>\n\t\t\t\t\t<\/div>\n\t\t<\/section>\n\t\t\t\t<section class=\"elementor-section elementor-top-section elementor-element elementor-element-faaef3e elementor-section-full_width section-blog elementor-section-height-default elementor-section-height-default\" data-id=\"faaef3e\" data-element_type=\"section\" data-e-type=\"section\" data-settings=\"{&quot;background_background&quot;:&quot;classic&quot;}\">\n\t\t\t\t\t\t<div class=\"elementor-container elementor-column-gap-default\">\n\t\t\t\t\t<div class=\"elementor-column elementor-col-100 elementor-top-column elementor-element elementor-element-d82ebe0\" data-id=\"d82ebe0\" data-element_type=\"column\" data-e-type=\"column\">\n\t\t\t<div class=\"elementor-widget-wrap elementor-element-populated\">\n\t\t\t\t\t\t<div class=\"elementor-element elementor-element-c83d2bd elementor-grid-4 elementor-grid-tablet-2 elementor-grid-mobile-1 elementor-widget elementor-widget-global elementor-global-2961 elementor-widget-portfolio\" data-id=\"c83d2bd\" data-element_type=\"widget\" data-e-type=\"widget\" data-settings=\"{&quot;columns&quot;:&quot;4&quot;,&quot;columns_tablet&quot;:&quot;2&quot;,&quot;columns_mobile&quot;:&quot;1&quot;,&quot;item_ratio&quot;:{&quot;unit&quot;:&quot;px&quot;,&quot;size&quot;:0.66,&quot;sizes&quot;:[]},&quot;item_gap&quot;:{&quot;unit&quot;:&quot;px&quot;,&quot;size&quot;:&quot;&quot;,&quot;sizes&quot;:[]},&quot;row_gap&quot;:{&quot;unit&quot;:&quot;px&quot;,&quot;size&quot;:&quot;&quot;,&quot;sizes&quot;:[]}}\" data-widget_type=\"portfolio.default\">\n\t\t\t\t<div class=\"elementor-widget-container\">\n\t\t\t\t\t\t\t<div class=\"elementor-portfolio elementor-grid elementor-posts-container\" role=\"list\">\n\t\t\t\t<article class=\"elementor-portfolio-item elementor-post  post-14846 post type-post status-publish format-standard has-post-thumbnail hentry category-unkategorisiert\" role=\"listitem\">\n\t\t\t<a class=\"elementor-post__thumbnail__link\" href=\"https:\/\/ibizayachting.com\/de\/princess-v58\/\">\n\t\t\t\t<div class=\"elementor-portfolio-item__img elementor-post__thumbnail\">\n\t\t\t<img loading=\"lazy\" decoding=\"async\" width=\"1024\" height=\"682\" src=\"https:\/\/ibizayachting.com\/wp-content\/uploads\/2024\/06\/IMG6-1024x682.jpg\" class=\"attachment-large size-large wp-image-14843\" alt=\"\" srcset=\"https:\/\/ibizayachting.com\/wp-content\/uploads\/2024\/06\/IMG6-1024x682.jpg 1024w, https:\/\/ibizayachting.com\/wp-content\/uploads\/2024\/06\/IMG6-300x200.jpg 300w, https:\/\/ibizayachting.com\/wp-content\/uploads\/2024\/06\/IMG6-768x512.jpg 768w, https:\/\/ibizayachting.com\/wp-content\/uploads\/2024\/06\/IMG6.jpg 1280w\" sizes=\"(max-width: 1024px) 100vw, 1024px\" title=\"\">\t\t<\/div>\n\t\t\t\t<div class=\"elementor-portfolio-item__overlay\">\n\t\t\t\t<h4 class=\"elementor-portfolio-item__title\">\n\t\tPrincess V58\t\t<\/h4>\n\t\t\t\t<\/div>\n\t\t\t\t<\/a>\n\t\t<\/article>\n\t\t\t\t<article class=\"elementor-portfolio-item elementor-post  post-13992 post type-post status-publish format-standard has-post-thumbnail hentry category-events-de\" role=\"listitem\">\n\t\t\t<a class=\"elementor-post__thumbnail__link\" href=\"https:\/\/ibizayachting.com\/de\/boat-show-palma-2024\/\">\n\t\t\t\t<div class=\"elementor-portfolio-item__img elementor-post__thumbnail\">\n\t\t\t<img loading=\"lazy\" decoding=\"async\" width=\"1024\" height=\"718\" src=\"https:\/\/ibizayachting.com\/wp-content\/uploads\/2024\/04\/PIBS_corte-1024x718.jpg\" class=\"attachment-large size-large wp-image-13961\" alt=\"\" srcset=\"https:\/\/ibizayachting.com\/wp-content\/uploads\/2024\/04\/PIBS_corte-1024x718.jpg 1024w, https:\/\/ibizayachting.com\/wp-content\/uploads\/2024\/04\/PIBS_corte-300x210.jpg 300w, https:\/\/ibizayachting.com\/wp-content\/uploads\/2024\/04\/PIBS_corte-768x539.jpg 768w, https:\/\/ibizayachting.com\/wp-content\/uploads\/2024\/04\/PIBS_corte.jpg 1165w\" sizes=\"(max-width: 1024px) 100vw, 1024px\" title=\"\">\t\t<\/div>\n\t\t\t\t<div class=\"elementor-portfolio-item__overlay\">\n\t\t\t\t<h4 class=\"elementor-portfolio-item__title\">\n\t\tInternational Boat Show Palma 2024\t\t<\/h4>\n\t\t\t\t<\/div>\n\t\t\t\t<\/a>\n\t\t<\/article>\n\t\t\t\t<article class=\"elementor-portfolio-item elementor-post  post-13810 post type-post status-publish format-standard has-post-thumbnail hentry category-events-de\" role=\"listitem\">\n\t\t\t<a class=\"elementor-post__thumbnail__link\" href=\"https:\/\/ibizayachting.com\/de\/boat-show-santa-eularia\/\">\n\t\t\t\t<div class=\"elementor-portfolio-item__img elementor-post__thumbnail\">\n\t\t\t<img loading=\"lazy\" decoding=\"async\" width=\"1024\" height=\"768\" src=\"https:\/\/ibizayachting.com\/wp-content\/uploads\/2024\/04\/Ibiza-Yachting-SE_web-1024x768.jpg\" class=\"attachment-large size-large wp-image-13818\" alt=\"\" srcset=\"https:\/\/ibizayachting.com\/wp-content\/uploads\/2024\/04\/Ibiza-Yachting-SE_web-1024x768.jpg 1024w, https:\/\/ibizayachting.com\/wp-content\/uploads\/2024\/04\/Ibiza-Yachting-SE_web-300x225.jpg 300w, https:\/\/ibizayachting.com\/wp-content\/uploads\/2024\/04\/Ibiza-Yachting-SE_web-768x576.jpg 768w, https:\/\/ibizayachting.com\/wp-content\/uploads\/2024\/04\/Ibiza-Yachting-SE_web-1536x1152.jpg 1536w, https:\/\/ibizayachting.com\/wp-content\/uploads\/2024\/04\/Ibiza-Yachting-SE_web-2048x1536.jpg 2048w\" sizes=\"(max-width: 1024px) 100vw, 1024px\" title=\"\">\t\t<\/div>\n\t\t\t\t<div class=\"elementor-portfolio-item__overlay\">\n\t\t\t\t<h4 class=\"elementor-portfolio-item__title\">\n\t\tSanta Eularia 2024\t\t<\/h4>\n\t\t\t\t<\/div>\n\t\t\t\t<\/a>\n\t\t<\/article>\n\t\t\t\t<article class=\"elementor-portfolio-item elementor-post  post-11285 post type-post status-publish format-standard has-post-thumbnail hentry category-events-de\" role=\"listitem\">\n\t\t\t<a class=\"elementor-post__thumbnail__link\" href=\"https:\/\/ibizayachting.com\/de\/boot-duesseldorf-2023\/\">\n\t\t\t\t<div class=\"elementor-portfolio-item__img elementor-post__thumbnail\">\n\t\t\t<img loading=\"lazy\" decoding=\"async\" width=\"1024\" height=\"831\" src=\"https:\/\/ibizayachting.com\/wp-content\/uploads\/2022\/12\/BOOT_DUSSELDORF-min_-1024x831.jpg\" class=\"attachment-large size-large wp-image-11292\" alt=\"\" srcset=\"https:\/\/ibizayachting.com\/wp-content\/uploads\/2022\/12\/BOOT_DUSSELDORF-min_-1024x831.jpg 1024w, https:\/\/ibizayachting.com\/wp-content\/uploads\/2022\/12\/BOOT_DUSSELDORF-min_-300x243.jpg 300w, https:\/\/ibizayachting.com\/wp-content\/uploads\/2022\/12\/BOOT_DUSSELDORF-min_-768x623.jpg 768w, https:\/\/ibizayachting.com\/wp-content\/uploads\/2022\/12\/BOOT_DUSSELDORF-min_.jpg 1080w\" sizes=\"(max-width: 1024px) 100vw, 1024px\" title=\"\">\t\t<\/div>\n\t\t\t\t<div class=\"elementor-portfolio-item__overlay\">\n\t\t\t\t<h4 class=\"elementor-portfolio-item__title\">\n\t\tboot D\u00fcsseldorf 2023\t\t<\/h4>\n\t\t\t\t<\/div>\n\t\t\t\t<\/a>\n\t\t<\/article>\n\t\t\t\t<\/div>\n\t\t\t\t\t\t<\/div>\n\t\t\t\t<\/div>\n\t\t\t\t\t<\/div>\n\t\t<\/div>\n\t\t\t\t\t<\/div>\n\t\t<\/section>\n\t\t\t\t<\/div>\n\t\t","protected":false},"excerpt":{"rendered":"<p>LAGERUNG LAGERUNG VON BOOTEN AUF IBIZA Wenn Sie \u00fcberlegen Ihr Boot f\u00fcr den Winter aus dem Wasser zu nehmen, oder f\u00fcr einen bestimmten Zeitraum einen Platz zum Lagern ben\u00f6tigen, haben wir mehrere Optionen f\u00fcr Sie. Ibiza Yachting hat eine komplett geschlossene Lagerhalle f\u00fcr Boote von 25 bis 40 Fu\u00df und Tender, die auf der Hauptstra\u00dfe [&hellip;]<\/p>\n","protected":false},"author":1,"featured_media":0,"parent":7042,"menu_order":0,"comment_status":"closed","ping_status":"closed","template":"","meta":{"_acf_changed":false,"site-sidebar-layout":"no-sidebar","site-content-layout":"page-builder","ast-site-content-layout":"default","site-content-style":"default","site-sidebar-style":"default","ast-global-header-display":"","ast-banner-title-visibility":"","ast-main-header-display":"","ast-hfb-above-header-display":"","ast-hfb-below-header-display":"","ast-hfb-mobile-header-display":"","site-post-title":"disabled","ast-breadcrumbs-content":"","ast-featured-img":"disabled","footer-sml-layout":"","ast-disable-related-posts":"","theme-transparent-header-meta":"","adv-header-id-meta":"","stick-header-meta":"","header-above-stick-meta":"","header-main-stick-meta":"","header-below-stick-meta":"","astra-migrate-meta-layouts":"default","ast-page-background-enabled":"default","ast-page-background-meta":{"desktop":{"background-color":"","background-image":"","background-repeat":"repeat","background-position":"center center","background-size":"auto","background-attachment":"scroll","background-type":"","background-media":"","overlay-type":"","overlay-color":"","overlay-opacity":"","overlay-gradient":""},"tablet":{"background-color":"","background-image":"","background-repeat":"repeat","background-position":"center center","background-size":"auto","background-attachment":"scroll","background-type":"","background-media":"","overlay-type":"","overlay-color":"","overlay-opacity":"","overlay-gradient":""},"mobile":{"background-color":"","background-image":"","background-repeat":"repeat","background-position":"center center","background-size":"auto","background-attachment":"scroll","background-type":"","background-media":"","overlay-type":"","overlay-color":"","overlay-opacity":"","overlay-gradient":""}},"ast-content-background-meta":{"desktop":{"background-color":"var(--ast-global-color-5)","background-image":"","background-repeat":"repeat","background-position":"center center","background-size":"auto","background-attachment":"scroll","background-type":"","background-media":"","overlay-type":"","overlay-color":"","overlay-opacity":"","overlay-gradient":""},"tablet":{"background-color":"var(--ast-global-color-5)","background-image":"","background-repeat":"repeat","background-position":"center center","background-size":"auto","background-attachment":"scroll","background-type":"","background-media":"","overlay-type":"","overlay-color":"","overlay-opacity":"","overlay-gradient":""},"mobile":{"background-color":"var(--ast-global-color-5)","background-image":"","background-repeat":"repeat","background-position":"center center","background-size":"auto","background-attachment":"scroll","background-type":"","background-media":"","overlay-type":"","overlay-color":"","overlay-opacity":"","overlay-gradient":""}},"_joinchat":[],"footnotes":""},"class_list":["post-7050","page","type-page","status-publish","hentry"],"acf":[],"_links":{"self":[{"href":"https:\/\/ibizayachting.com\/de\/wp-json\/wp\/v2\/pages\/7050","targetHints":{"allow":["GET"]}}],"collection":[{"href":"https:\/\/ibizayachting.com\/de\/wp-json\/wp\/v2\/pages"}],"about":[{"href":"https:\/\/ibizayachting.com\/de\/wp-json\/wp\/v2\/types\/page"}],"author":[{"embeddable":true,"href":"https:\/\/ibizayachting.com\/de\/wp-json\/wp\/v2\/users\/1"}],"replies":[{"embeddable":true,"href":"https:\/\/ibizayachting.com\/de\/wp-json\/wp\/v2\/comments?post=7050"}],"version-history":[{"count":8,"href":"https:\/\/ibizayachting.com\/de\/wp-json\/wp\/v2\/pages\/7050\/revisions"}],"predecessor-version":[{"id":9515,"href":"https:\/\/ibizayachting.com\/de\/wp-json\/wp\/v2\/pages\/7050\/revisions\/9515"}],"up":[{"embeddable":true,"href":"https:\/\/ibizayachting.com\/de\/wp-json\/wp\/v2\/pages\/7042"}],"wp:attachment":[{"href":"https:\/\/ibizayachting.com\/de\/wp-json\/wp\/v2\/media?parent=7050"}],"curies":[{"name":"wp","href":"https:\/\/api.w.org\/{rel}","templated":true}]}}